{"id":5,"date":"2024-01-20T18:14:49","date_gmt":"2024-01-20T18:14:49","guid":{"rendered":"https:\/\/oischnak.de\/?page_id=5"},"modified":"2024-05-29T18:16:42","modified_gmt":"2024-05-29T18:16:42","slug":"willkommen-auf-https-oischnak-de","status":"publish","type":"page","link":"https:\/\/oischnak.de\/","title":{"rendered":"Sommer M\u00e4rchen Dahoam!"},"content":{"rendered":"\n<p>Der Sommer steht vor der T\u00fcr!<br>Die Fu\u00dfball EM 2024 steht vor der T\u00fcr!<br>Lasst uns ein M\u00e4rchen daraus machen!<\/p>\n\n\n\n<p>Lasst uns Sommer, Fu\u00dfball und Heimat verbinden. Wir \u00fcbertragen die Spiele der deutschen Nationalmannschaft im Zuge der Fu\u00dfball EM 2024 im Schlosspark Schwarzenfeld auf riesiger LED Leinwand.<\/p>\n\n\n\n<ul>\n<li>Freier Eintritt<\/li>\n\n\n\n<li>Riesige LED Leinwand (Public Viewing)<\/li>\n\n\n\n<li>Location: Schlosspark Schwarzenfeld<\/li>\n\n\n\n<li>Ambiente, Drinks &amp; Snacks wie im Stadion &#8211; nur Dahoam!<\/li>\n<\/ul>\n\n\n\n<p>In der Vorrunde zeigen wir folgenden Spiele<\/p>\n\n\n\n<ul>\n<li>Freitag, 14. Juni 2024 ab 18:00 Uhr &#8211; Deutschland vs. Schottland<\/li>\n\n\n\n<li>Mittwoch, 19. Juni 2024 ab 16:00 Uhr &#8211; Deutschland vs. Ungarn<\/li>\n\n\n\n<li>Sonntag, 23. Juni 2024 ab 19:00 Uhr &#8211; Schweiz vs. Deutschland<\/li>\n<\/ul>\n\n\n\n<p>Weitere Spiele nach deutscher Beteiligung sowie die Halbfinale am  09. &amp; 10. Juli 2024 sowie das Finale am 14. Juli 2024.<\/p>\n\n\n\n<p>Gemeinsam als Oischnak e.V. und Markt Schwarzenfeld freuen wir uns auf euch!<\/p>\n\n\n\n<p>Weitere Infos auf <a href=\"https:\/\/www.instagram.com\/oischnak\/\">instagram.com\/oischnak\/<\/a><\/p>\n\n\n\n<h2 class=\"wp-block-heading\">FAQs<\/h2>\n\n\n\n<p><strong>Gibt es etwas zu Essen?<\/strong><\/p>\n\n\n\n<p>Ja, f\u00fcr das leibliche Wohl ist gesorgt. Das Team vom Restaurant Miesberg wird lecker Burger und mehr zubereiten.<\/p>\n\n\n\n<p><strong>Wo findet das Ganze statt?<\/strong><\/p>\n\n\n\n<p>Die Leinwand findet ihr im vorderen Bereich, gleich am Eingang zum Schlosspark Schwarzenfeld. Dort, wo auch die Kirwa und das Fischerfest stattfinden.<\/p>\n\n\n\n<p><strong>Welche Spiele werden gezeigt?<\/strong><\/p>\n\n\n\n<p>Es werden alle Spiele der deutschen Nationalmannschaft \u00fcbertragen. Weitere Spiele auch ohne deutsche Beteiligung sind die beiden Halbfinale am 09. und 10. Juli sowie das Finale am Sonntag, 14. Juli 2024.<\/p>\n\n\n\n<p><strong>Was gibt es zu trinken?&nbsp;<\/strong><\/p>\n\n\n\n<p>Zum Trinken gibt es Antialk, Bier, Radler, Alkoholfreies und Weinschorle.&nbsp;<\/p>\n\n\n\n<p><strong>Was kostet der Eintritt?&nbsp;<\/strong><\/p>\n\n\n\n<p>Der Eintritt ist frei! Spenden sind aber willkommen!<\/p>\n\n\n\n<p><strong>Kann ich im Schlosspark parken?<\/strong><\/p>\n\n\n\n<p>Nein, denn die Parkpl\u00e4tze und die Zufahrt sind f\u00fcr die Anwohner vorgesehen.&nbsp;Bitte Parkm\u00f6glichkeiten im Ladenzentrum, Am&nbsp;Hammer oder Untere Ringstra\u00dfe nutzen und dann den kurzen Weg zu Fu\u00df in den Schlosspark nutzen. Fahrradparkpl\u00e4tze gibt es mehr als genug!<\/p>\n\n\n\n<p><strong>Darf ich Getr\u00e4nke mitbringen?<\/strong><\/p>\n\n\n\n<p>Das Mitbringen von Getr\u00e4nken und Speisen ist untersagt. Die Veranstaltung wird durch das gastronomische Angebot finanziert, daher bitten wir euch, das Mitbringen von Essen &amp; Trinken zu unterlassen.&nbsp;<\/p>\n\n\n\n<p><strong>Wie sieht es mit Sitzgelegenheiten aus?<\/strong><\/p>\n\n\n\n<p>Ja, es wird sowohl Sitzpl\u00e4tze auf Biergarnituren als auch Stehpl\u00e4tze mit und ohne Stehtische geben. Gerne d\u00fcrft ihr aber auch eure Picknickdecke mitbringen und euch ein Pl\u00e4tzchen auf der Wiese aussuchen.&nbsp;<\/p>\n\n\n\n<p><strong>Ist das Sommer M\u00e4rchen Dahoam f\u00fcr Kinder geeignet?<\/strong><\/p>\n\n\n\n<p>Ja, Kinder und Jugendliche sind nat\u00fcrlich herzlich willkommen. Es gilt das Jugendschutzgesetz.&nbsp;<\/p>\n\n\n\n<p><strong>Kann ich Pl\u00e4tze reservieren?<\/strong><\/p>\n\n\n\n<p>Nein, leider k\u00f6nnen wir keine Sitzpl\u00e4tze vorab reservieren.<\/p>\n\n\n\n<p><strong>Wann geht es los bzw. ab wann l\u00e4uft die Leinwand?<\/strong><\/p>\n\n\n\n<p>120 min vor Spielbeginn wird die Leinwand laufen, so dass die Vorberichte bzw. die Spiele, die evtl. zuvor laufen, auch gezeigt werden.&nbsp;Nach Spielende&nbsp;zeigen wir noch die Nachberichte bis zu 1h. Ausnahmen sind das Er\u00f6ffnungsspiel,&nbsp;sowie das Finale.<\/p>\n\n\n\n<p><strong>Wie gro\u00df ist die Leinwand und kann man auch etwas sehen, wenn die Sonne scheint?&nbsp;<\/strong><\/p>\n\n\n\n<p>Die Leinwand hat eine Gr\u00f6\u00dfe von 15 qm und ist unempfindlich gegen Sonneneinstrahlung.&nbsp;<\/p>\n\n\n\n<p><strong>Was ist, wenn es regnet?&nbsp;<\/strong><\/p>\n\n\n\n<p>Sollte es nur leicht regnen, dann zeigen wir die Spiele. Sollte sich jedoch Sturm und Unwetter andeuten, so sagen wir die \u00dcbertragung ab. Die Info erhaltet ihr \u00fcber die jeweiligen Social Media Kan\u00e4le.<\/p>\n\n\n\n<p><strong>Kann ich f\u00fcr meinen Verein oder mein Unternehmen Biermarken kaufen?<\/strong><\/p>\n\n\n\n<p>Ja, das ist m\u00f6glich. Bitte kurze Mail an&nbsp;<a href=\"mailto:info@oischnak.de\" target=\"_blank\" rel=\"noreferrer noopener\">info@oischnak.de<\/a><\/p>\n\n\n<div class=\"wp-block-image\">\n<figure class=\"aligncenter size-large\"><img loading=\"lazy\" decoding=\"async\" width=\"1024\" height=\"1024\" src=\"https:\/\/oischnak.de\/wp-content\/uploads\/2024\/05\/2024-FB-Header-2-1024x1024.png\" alt=\"\" class=\"wp-image-31\" srcset=\"https:\/\/oischnak.de\/wp-content\/uploads\/2024\/05\/2024-FB-Header-2-1024x1024.png 1024w, https:\/\/oischnak.de\/wp-content\/uploads\/2024\/05\/2024-FB-Header-2-300x300.png 300w, https:\/\/oischnak.de\/wp-content\/uploads\/2024\/05\/2024-FB-Header-2-150x150.png 150w, https:\/\/oischnak.de\/wp-content\/uploads\/2024\/05\/2024-FB-Header-2-768x768.png 768w, https:\/\/oischnak.de\/wp-content\/uploads\/2024\/05\/2024-FB-Header-2.png 1080w\" sizes=\"(max-width: 1024px) 100vw, 1024px\" \/><\/figure><\/div>","protected":false},"excerpt":{"rendered":"<p>Der Sommer steht vor der T\u00fcr!Die Fu\u00dfball EM 2024 steht vor der T\u00fcr!Lasst uns ein M\u00e4rchen daraus machen! Lasst uns Sommer, Fu\u00dfball und Heimat verbinden. Wir \u00fcbertragen die Spiele der [&hellip;]<\/p>\n","protected":false},"author":1,"featured_media":0,"parent":0,"menu_order":0,"comment_status":"closed","ping_status":"open","template":"","meta":{"footnotes":""},"_links":{"self":[{"href":"https:\/\/oischnak.de\/index.php?rest_route=\/wp\/v2\/pages\/5"}],"collection":[{"href":"https:\/\/oischnak.de\/index.php?rest_route=\/wp\/v2\/pages"}],"about":[{"href":"https:\/\/oischnak.de\/index.php?rest_route=\/wp\/v2\/types\/page"}],"author":[{"embeddable":true,"href":"https:\/\/oischnak.de\/index.php?rest_route=\/wp\/v2\/users\/1"}],"replies":[{"embeddable":true,"href":"https:\/\/oischnak.de\/index.php?rest_route=%2Fwp%2Fv2%2Fcomments&post=5"}],"version-history":[{"count":7,"href":"https:\/\/oischnak.de\/index.php?rest_route=\/wp\/v2\/pages\/5\/revisions"}],"predecessor-version":[{"id":49,"href":"https:\/\/oischnak.de\/index.php?rest_route=\/wp\/v2\/pages\/5\/revisions\/49"}],"wp:attachment":[{"href":"https:\/\/oischnak.de\/index.php?rest_route=%2Fwp%2Fv2%2Fmedia&parent=5"}],"curies":[{"name":"wp","href":"https:\/\/api.w.org\/{rel}","templated":true}]}}